{"id":1329,"date":"2023-02-23T16:18:01","date_gmt":"2023-02-23T16:18:01","guid":{"rendered":"https:\/\/www.rialto1082.com\/posizione\/"},"modified":"2023-07-24T14:32:36","modified_gmt":"2023-07-24T14:32:36","slug":"posizione","status":"publish","type":"page","link":"https:\/\/www.rialto1082.com\/it\/posizione\/","title":{"rendered":"Posizione"},"content":{"rendered":"<div id='revolutionslider_1'  class='avia-layerslider avia-revolutionslider main_color avia-shadow  avia-builder-el-0  el_before_av_section  avia-builder-el-first   container_wrap sidebar_right'  >\n\t\t\t<!-- START Location REVOLUTION SLIDER 6.7.21 --><p class=\"rs-p-wp-fix\"><\/p>\n\t\t\t<rs-module-wrap id=\"rev_slider_10_1_wrapper\" data-source=\"gallery\" style=\"visibility:hidden;background:transparent;padding:0;\">\n\t\t\t\t<rs-module id=\"rev_slider_10_1\" style=\"\" data-version=\"6.7.21\">\n\t\t\t\t\t<rs-slides style=\"overflow: hidden; position: absolute;\">\n\t\t\t\t\t\t<rs-slide style=\"position: absolute;\" data-key=\"rs-38\" data-title=\"Slide\" data-in=\"o:0;\" data-out=\"a:false;\">\n\t\t\t\t\t\t\t<img decoding=\"async\" src=\"\/\/www.rialto1082.com\/wp-content\/plugins\/revslider\/sr6\/assets\/assets\/dummy.png\" alt=\"\" title=\"venice-gd657b660f_1920\" width=\"1920\" height=\"1280\" class=\"rev-slidebg tp-rs-img rs-lazyload\" data-lazyload=\"\/\/www.rialto1082.com\/wp-content\/uploads\/2023\/05\/venice-gd657b660f_1920.jpg\" data-no-retina>\n<!--\n\t\t\t\t\t\t\t--><rs-layer\n\t\t\t\t\t\t\t\tid=\"slider-10-slide-38-layer-3\" \n\t\t\t\t\t\t\t\tdata-type=\"text\"\n\t\t\t\t\t\t\t\tdata-color=\"#fff\"\n\t\t\t\t\t\t\t\tdata-rsp_ch=\"on\"\n\t\t\t\t\t\t\t\tdata-xy=\"xo:625px,516px,392px,110px;yo:660px,545px,414px,485px;\"\n\t\t\t\t\t\t\t\tdata-text=\"w:normal;s:80,66,50,35;l:90,74,56,34;a:center;\"\n\t\t\t\t\t\t\t\tdata-dim=\"w:auto,auto,auto,319px;h:auto,auto,auto,42px;minh:0px,none,none,none;\"\n\t\t\t\t\t\t\t\tdata-padding=\"t:10,8,6,4;r:10,8,6,4;b:10,8,6,4;l:10,8,6,4;\"\n\t\t\t\t\t\t\t\tdata-frame_999=\"o:0;st:w;\"\n\t\t\t\t\t\t\t\tstyle=\"z-index:8;background-color:rgba(0,0,0,0.59);font-family:'PT Sans';\"\n\t\t\t\t\t\t\t>Dove siamo \n\t\t\t\t\t\t\t<\/rs-layer><!--\n-->\t\t\t\t\t<\/rs-slide>\n\t\t\t\t\t<\/rs-slides>\n\t\t\t\t<\/rs-module>\n\t\t\t\t<script>\n\t\t\t\t\tsetREVStartSize({c: 'rev_slider_10_1',rl:[1240,1024,778,480],el:[900,768,960,720],gw:[1240,1024,778,480],gh:[900,768,960,720],type:'standard',justify:'',layout:'fullscreen',offsetContainer:'',offset:'',mh:\"0\"});if (window.RS_MODULES!==undefined && window.RS_MODULES.modules!==undefined && window.RS_MODULES.modules[\"revslider101\"]!==undefined) {window.RS_MODULES.modules[\"revslider101\"].once = false;window.revapi10 = undefined;if (window.RS_MODULES.checkMinimal!==undefined) window.RS_MODULES.checkMinimal()}\n\t\t\t\t<\/script>\n\t\t\t<\/rs-module-wrap>\n\t\t\t<!-- END REVOLUTION SLIDER -->\n<\/div>\n<div id='av_section_1'  class='avia-section av-14wp8x-e18bd1dc38b8d8a9d363bac14c132140 main_color avia-section-default avia-no-border-styling  avia-builder-el-1  el_after_av_revolutionslider  el_before_av_section  opening-section av-small-hide av-mini-hide avia-bg-style-scroll container_wrap sidebar_right'  ><div class='container av-section-cont-open' ><div class='template-page content  av-content-small alpha units'><div class='post-entry post-entry-type-page post-entry-1329'><div class='entry-content-wrapper clearfix'>\n<div class='flex_column_table av-w3m4h-576024456527d9160e9dda3aff594939 sc-av_one_full av-equal-height-column-flextable'>\n<style type=\"text\/css\" data-created_by=\"avia_inline_auto\" id=\"style-css-av-w3m4h-576024456527d9160e9dda3aff594939\">\n.flex_column.av-w3m4h-576024456527d9160e9dda3aff594939{\nposition:relative;\ntop:10px;\npadding:30px 80px 30px 80px;\nheight:400px;\n}\n.flex_column.av-w3m4h-576024456527d9160e9dda3aff594939 .avia-curtain-reveal-overlay{\nanimation-duration:3s;\nbackground:#ff595f;\nz-index:100;\n}\n\n@media only screen and (min-width: 990px){ \n.flex_column.av-w3m4h-576024456527d9160e9dda3aff594939{\npadding:30px 80px 30px 80px;\n}\n}\n\n@media only screen and (min-width: 768px) and (max-width: 989px){ \n.flex_column.av-w3m4h-576024456527d9160e9dda3aff594939{\npadding:30px 80px 30px 80px;\n}\n}\n\n@media only screen and (min-width: 480px) and (max-width: 767px){ \n.flex_column.av-w3m4h-576024456527d9160e9dda3aff594939{\npadding:30px 80px 30px 80px;\n}\n}\n\n@media only screen and (max-width: 479px){ \n.flex_column.av-w3m4h-576024456527d9160e9dda3aff594939{\npadding:20px 20px 20px 20px;\n}\n}\n<\/style>\n<div  class='flex_column av-w3m4h-576024456527d9160e9dda3aff594939 av_one_full  avia-builder-el-2  avia-builder-el-no-sibling  dark-bcg first flex_column_table_cell av-equal-height-column av-align-middle av-custom-positioned av-parallax-object  ' data-parallax=\"{&quot;parallax&quot;:&quot;bottom_top&quot;,&quot;parallax_speed&quot;:&quot;30&quot;,&quot;av-desktop-parallax&quot;:&quot;inherit&quot;,&quot;av-desktop-parallax_speed&quot;:&quot;inherit&quot;,&quot;av-medium-parallax&quot;:&quot;inherit&quot;,&quot;av-medium-parallax_speed&quot;:&quot;inherit&quot;,&quot;av-small-parallax&quot;:&quot;inherit&quot;,&quot;av-small-parallax_speed&quot;:&quot;inherit&quot;,&quot;av-mini-parallax&quot;:&quot;inherit&quot;,&quot;av-mini-parallax_speed&quot;:&quot;inherit&quot;,&quot;parallax-container&quot;:&quot;.av-w3m4h-576024456527d9160e9dda3aff594939&quot;}\"    ><div class='avia-curtain-reveal-overlay av-animated-when-visible-95 animate-all-devices curtain-reveal-ttb'><\/div><style type=\"text\/css\" data-created_by=\"avia_inline_auto\" id=\"style-css-av-le2ptro1-2659696613cf690ef2802c03156c268b\">\n#top .av_textblock_section.av-le2ptro1-2659696613cf690ef2802c03156c268b .avia_textblock{\ncolor:#ffffff;\n}\n\n@media only screen and (min-width: 990px){ \n#top .av_textblock_section.av-le2ptro1-2659696613cf690ef2802c03156c268b .avia_textblock{\nfont-size:24px;\n}\n}\n\n@media only screen and (min-width: 768px) and (max-width: 989px){ \n#top .av_textblock_section.av-le2ptro1-2659696613cf690ef2802c03156c268b .avia_textblock{\nfont-size:22px;\n}\n}\n\n@media only screen and (min-width: 480px) and (max-width: 767px){ \n#top .av_textblock_section.av-le2ptro1-2659696613cf690ef2802c03156c268b .avia_textblock{\nfont-size:22px;\n}\n}\n\n@media only screen and (max-width: 479px){ \n#top .av_textblock_section.av-le2ptro1-2659696613cf690ef2802c03156c268b .avia_textblock{\nfont-size:20px;\n}\n}\n<\/style>\n<section  class='av_textblock_section av-le2ptro1-2659696613cf690ef2802c03156c268b '   itemscope=\"itemscope\" itemtype=\"https:\/\/schema.org\/CreativeWork\" ><div class='avia_textblock av_inherit_color'  itemprop=\"text\" ><p>Il B&amp;B Rialto 1082 si trova in una tipica calle veneziana, a soli 20 metri da Campo San Silvestro e a 50 metri dalla Gran Cana, mentre il Ponte di Rialto \u00e8 raggiungibile a piedi in soli 2 minuti e Piazza San Marco in 10 minuti.<\/p>\n<\/div><\/section><\/div><\/div><!--close column table wrapper. Autoclose: 1 -->\n\n<\/div><\/div><\/div><!-- close content main div --><\/div><\/div><div id='av_section_2'  class='avia-section av-lf6vg3uc-dc415f78430fd4e810ba1187cc7696d2 main_color avia-section-default avia-no-border-styling  avia-builder-el-4  el_after_av_section  el_before_av_section  av-desktop-hide av-medium-hide avia-bg-style-scroll container_wrap sidebar_right'  ><div class='container av-section-cont-open' ><div class='template-page content  av-content-small alpha units'><div class='post-entry post-entry-type-page post-entry-1329'><div class='entry-content-wrapper clearfix'>\n<div class='flex_column_table av-lf6vgcp3-539e3e0e0b7b95736728bd537bfa1140 sc-av_one_full av-equal-height-column-flextable'>\n<style type=\"text\/css\" data-created_by=\"avia_inline_auto\" id=\"style-css-av-lf6vgcp3-539e3e0e0b7b95736728bd537bfa1140\">\n.flex_column.av-lf6vgcp3-539e3e0e0b7b95736728bd537bfa1140{\nposition:relative;\ntop:10px;\n}\n\n@media only screen and (min-width: 990px){ \n.flex_column.av-lf6vgcp3-539e3e0e0b7b95736728bd537bfa1140{\npadding:30px 80px 30px 80px;\n}\n}\n\n@media only screen and (min-width: 768px) and (max-width: 989px){ \n.flex_column.av-lf6vgcp3-539e3e0e0b7b95736728bd537bfa1140{\npadding:30px 80px 30px 80px;\n}\n}\n\n@media only screen and (min-width: 480px) and (max-width: 767px){ \n.flex_column.av-lf6vgcp3-539e3e0e0b7b95736728bd537bfa1140{\npadding:30px 80px 30px 80px;\n}\n}\n\n@media only screen and (max-width: 479px){ \n.flex_column.av-lf6vgcp3-539e3e0e0b7b95736728bd537bfa1140{\npadding:20px 20px 20px 20px;\n}\n}\n<\/style>\n<div  class='flex_column av-lf6vgcp3-539e3e0e0b7b95736728bd537bfa1140 av_one_full  avia-builder-el-5  avia-builder-el-no-sibling  dark-bcg first flex_column_table_cell av-equal-height-column av-align-middle av-custom-positioned  '     ><style type=\"text\/css\" data-created_by=\"avia_inline_auto\" id=\"style-css-av-9l1mh-c7e0b302845ccfbfd141069806808d95\">\n#top .av_textblock_section.av-9l1mh-c7e0b302845ccfbfd141069806808d95 .avia_textblock{\ncolor:#ffffff;\n}\n\n@media only screen and (min-width: 990px){ \n#top .av_textblock_section.av-9l1mh-c7e0b302845ccfbfd141069806808d95 .avia_textblock{\nfont-size:24px;\n}\n}\n\n@media only screen and (min-width: 768px) and (max-width: 989px){ \n#top .av_textblock_section.av-9l1mh-c7e0b302845ccfbfd141069806808d95 .avia_textblock{\nfont-size:22px;\n}\n}\n\n@media only screen and (min-width: 480px) and (max-width: 767px){ \n#top .av_textblock_section.av-9l1mh-c7e0b302845ccfbfd141069806808d95 .avia_textblock{\nfont-size:22px;\n}\n}\n\n@media only screen and (max-width: 479px){ \n#top .av_textblock_section.av-9l1mh-c7e0b302845ccfbfd141069806808d95 .avia_textblock{\nfont-size:20px;\n}\n}\n<\/style>\n<section  class='av_textblock_section av-9l1mh-c7e0b302845ccfbfd141069806808d95 '   itemscope=\"itemscope\" itemtype=\"https:\/\/schema.org\/CreativeWork\" ><div class='avia_textblock av_inherit_color'  itemprop=\"text\" ><p>Il B&amp;B Rialto 1082 si trova in una tipica calle veneziana, a soli 20 metri da Campo San Silvestro e a 50 metri dalla Gran Cana, mentre il Ponte di Rialto \u00e8 raggiungibile a piedi in soli 2 minuti e Piazza San Marco in 10 minuti.<\/p>\n<\/div><\/section><\/div><\/div><!--close column table wrapper. Autoclose: 1 -->\n\n<\/div><\/div><\/div><!-- close content main div --><\/div><\/div>\n<style type=\"text\/css\" data-created_by=\"avia_inline_auto\" id=\"style-css-av-lf2l0pin-31f74c29ec12251357e717b1e4ddfe55\">\n.avia-section.av-lf2l0pin-31f74c29ec12251357e717b1e4ddfe55 .av-parallax .av-parallax-inner{\nbackground-repeat:no-repeat;\nbackground-image:url(https:\/\/www.rialto1082.com\/wp-content\/uploads\/2023\/03\/venice-gfa361e73c_1920.jpg);\nbackground-position:50% 50%;\nbackground-attachment:scroll;\n}\n<\/style>\n<div id='av_section_3'  class='avia-section av-lf2l0pin-31f74c29ec12251357e717b1e4ddfe55 main_color avia-section-default avia-no-border-styling  avia-builder-el-7  el_after_av_section  el_before_av_section  avia-full-stretch av-parallax-section avia-bg-style-parallax av-minimum-height av-minimum-height-75 av-height-75  container_wrap sidebar_right'  data-section-bg-repeat='stretch' data-av_minimum_height_pc='75' data-av_min_height_opt='75'><div class='av-parallax' data-avia-parallax-ratio='0.3' ><div class='av-parallax-inner main_color avia-full-stretch'><\/div><\/div><div class='container av-section-cont-open' ><div class='template-page content  av-content-small alpha units'><div class='post-entry post-entry-type-page post-entry-1329'><div class='entry-content-wrapper clearfix'>\n<div  class='flex_column av-72g1t-f7e4e20c021057e22cd7c604fb4c4dfd av_one_third  avia-builder-el-8  el_before_av_two_third  avia-builder-el-first  first flex_column_div  '     ><\/div>\n<style type=\"text\/css\" data-created_by=\"avia_inline_auto\" id=\"style-css-av-leic5j33-503607d362080e645c86a6e295f53c17\">\n\n@media only screen and (min-width: 990px){ \n.flex_column.av-leic5j33-503607d362080e645c86a6e295f53c17{\npadding:50px 50px 50px 50px;\n}\n}\n\n@media only screen and (min-width: 768px) and (max-width: 989px){ \n.flex_column.av-leic5j33-503607d362080e645c86a6e295f53c17{\npadding:50px 50px 50px 50px;\n}\n}\n\n@media only screen and (min-width: 480px) and (max-width: 767px){ \n.flex_column.av-leic5j33-503607d362080e645c86a6e295f53c17{\npadding:50px 50px 50px 50px;\n}\n}\n\n@media only screen and (max-width: 479px){ \n.flex_column.av-leic5j33-503607d362080e645c86a6e295f53c17{\npadding:20px 20px 20px 20px;\n}\n}\n<\/style>\n<div  class='flex_column av-leic5j33-503607d362080e645c86a6e295f53c17 av_two_third  avia-builder-el-9  el_after_av_one_third  avia-builder-el-last  dark-bcg flex_column_div  '     ><style type=\"text\/css\" data-created_by=\"avia_inline_auto\" id=\"style-css-av-leic628q-e58e4bc00fd91d6c425819e23f78abf1\">\n#top .av_textblock_section.av-leic628q-e58e4bc00fd91d6c425819e23f78abf1 .avia_textblock{\ncolor:#ffffff;\n}\n<\/style>\n<section  class='av_textblock_section av-leic628q-e58e4bc00fd91d6c425819e23f78abf1 '   itemscope=\"itemscope\" itemtype=\"https:\/\/schema.org\/CreativeWork\" ><div class='avia_textblock av_inherit_color'  itemprop=\"text\" ><p>Il Bed &amp; Breakfast si trova in una posizione davvero notevole nella parte pi\u00f9 antica della citt\u00e0 ed \u00e8 circondato dall&#8217;atmosfera unica di Venezia.<\/p>\n<p>Le calli e i campielli che circondano il Bed &amp; Breakfast sono pieni di negozi tradizionali e piccole osterie (&#8216;Bacari&#8217;), che offrono sempre il meglio della cucina tradizionale veneziana.<\/p>\n<\/div><\/section><\/div>\n\n<\/div><\/div><\/div><!-- close content main div --><\/div><\/div>\n<style type=\"text\/css\" data-created_by=\"avia_inline_auto\" id=\"style-css-av-1eba9-b7664881dd62fc926a10aeee49fdbdd9\">\n.avia-section.av-1eba9-b7664881dd62fc926a10aeee49fdbdd9{\nbackground-repeat:no-repeat;\nbackground-image:url(https:\/\/www.rialto1082.com\/wp-content\/uploads\/2023\/05\/venice-gc11b89eaa_1920.jpg);\nbackground-position:100% 50%;\nbackground-attachment:scroll;\n}\n<\/style>\n<div id='av_section_4'  class='avia-section av-1eba9-b7664881dd62fc926a10aeee49fdbdd9 main_color avia-section-default avia-no-border-styling  avia-builder-el-11  el_after_av_section  avia-builder-el-last  avia-full-stretch avia-bg-style-scroll av-minimum-height av-minimum-height-50 av-height-50  container_wrap sidebar_right'  data-section-bg-repeat='stretch' data-av_minimum_height_pc='50' data-av_min_height_opt='50'><div class='container av-section-cont-open' ><div class='template-page content  av-content-small alpha units'><div class='post-entry post-entry-type-page post-entry-1329'><div class='entry-content-wrapper clearfix'>\n<div  class='flex_column av-7q3wh-d5f11b385cd103c502f80b6b430187ff av_one_third  avia-builder-el-12  el_before_av_two_third  avia-builder-el-first  first flex_column_div  '     ><\/div><div  class='flex_column av-84g3t-ca696daa5d035d06310b16f54fd6572f av_two_third  avia-builder-el-13  el_after_av_one_third  avia-builder-el-last  flex_column_div  '     ><p>\n<style type=\"text\/css\" data-created_by=\"avia_inline_auto\" id=\"style-css-av-lf6z5gf6-c1ca2944109dccffd62010868b80d734\">\n#top .av-special-heading.av-lf6z5gf6-c1ca2944109dccffd62010868b80d734{\npadding-bottom:10px;\ncolor:#ffffff;\n}\nbody .av-special-heading.av-lf6z5gf6-c1ca2944109dccffd62010868b80d734 .av-special-heading-tag .heading-char{\nfont-size:25px;\n}\n.av-special-heading.av-lf6z5gf6-c1ca2944109dccffd62010868b80d734 .special-heading-inner-border{\nborder-color:#ffffff;\n}\n.av-special-heading.av-lf6z5gf6-c1ca2944109dccffd62010868b80d734 .av-subheading{\nfont-size:15px;\n}\n<\/style>\n<div  class='av-special-heading av-lf6z5gf6-c1ca2944109dccffd62010868b80d734 av-special-heading-h3 custom-color-heading blockquote modern-quote  avia-builder-el-14  el_before_av_google_map  avia-builder-el-no-sibling '><h3 class='av-special-heading-tag '  itemprop=\"headline\"  >Rialto1082 Bed <span class='special_amp'>&amp;<\/span> Breakfast<\/h3><div class=\"special-heading-border\"><div class=\"special-heading-inner-border\"><\/div><\/div><\/div><br \/>\n<div  class='av_gmaps_sc_main_wrap av_gmaps_main_wrap map-google-custom'><div id='av_gmap_0' class='avia-google-map-container avia-google-map-sc av_gmaps_show_unconditionally av-no-fallback-img ' data-mapid='av_gmap_0'  style='height: 600px;'><a class=\"av_gmaps_browser_disabled av_text_confirm_link av_text_confirm_link_visible\" href=\"https:\/\/www.google.com\/maps\/search\/?api=1&#038;query=Calle%20del%20Luganegher%201082%2030125%20Venezia%20Italy%20Italia\" target=\"_blank\">Le mappe sono state disabilitate dal visitatore di questo sito. Clicca per aprire la mappa in una nuova finestra.<\/a><\/div><\/div><\/p><\/div>\n<\/div><\/div><\/div><!-- close content main div --><\/div><\/div><div id='after_section_4'  class='main_color av_default_container_wrap container_wrap sidebar_right'  ><div class='container av-section-cont-open' ><div class='template-page content  av-content-small alpha units'><div class='post-entry post-entry-type-page post-entry-1329'><div class='entry-content-wrapper clearfix'>\n","protected":false},"excerpt":{"rendered":"","protected":false},"author":3,"featured_media":0,"parent":0,"menu_order":3,"comment_status":"closed","ping_status":"closed","template":"","meta":{"footnotes":""},"class_list":["post-1329","page","type-page","status-publish","hentry"],"_links":{"self":[{"href":"https:\/\/www.rialto1082.com\/it\/wp-json\/wp\/v2\/pages\/1329","targetHints":{"allow":["GET"]}}],"collection":[{"href":"https:\/\/www.rialto1082.com\/it\/wp-json\/wp\/v2\/pages"}],"about":[{"href":"https:\/\/www.rialto1082.com\/it\/wp-json\/wp\/v2\/types\/page"}],"author":[{"embeddable":true,"href":"https:\/\/www.rialto1082.com\/it\/wp-json\/wp\/v2\/users\/3"}],"replies":[{"embeddable":true,"href":"https:\/\/www.rialto1082.com\/it\/wp-json\/wp\/v2\/comments?post=1329"}],"version-history":[{"count":0,"href":"https:\/\/www.rialto1082.com\/it\/wp-json\/wp\/v2\/pages\/1329\/revisions"}],"wp:attachment":[{"href":"https:\/\/www.rialto1082.com\/it\/wp-json\/wp\/v2\/media?parent=1329"}],"curies":[{"name":"wp","href":"https:\/\/api.w.org\/{rel}","templated":true}]}}