{"id":1394,"date":"2023-07-03T09:54:18","date_gmt":"2023-07-03T09:54:18","guid":{"rendered":"https:\/\/www.rialto1082.com\/nous-contacter\/"},"modified":"2023-07-26T05:54:48","modified_gmt":"2023-07-26T05:54:48","slug":"nous-contacter","status":"publish","type":"page","link":"https:\/\/www.rialto1082.com\/fr\/nous-contacter\/","title":{"rendered":"Nous contacter"},"content":{"rendered":"<div id='revolutionslider_1'  class='avia-layerslider avia-revolutionslider main_color avia-shadow  avia-builder-el-0  el_before_av_section  avia-builder-el-first   container_wrap sidebar_right'  >\n\t\t\t<!-- START Contact REVOLUTION SLIDER 6.7.21 --><p class=\"rs-p-wp-fix\"><\/p>\n\t\t\t<rs-module-wrap id=\"rev_slider_15_1_wrapper\" data-source=\"gallery\" style=\"visibility:hidden;background:transparent;padding:0;\">\n\t\t\t\t<rs-module id=\"rev_slider_15_1\" style=\"\" data-version=\"6.7.21\">\n\t\t\t\t\t<rs-slides style=\"overflow: hidden; position: absolute;\">\n\t\t\t\t\t\t<rs-slide style=\"position: absolute;\" data-key=\"rs-16\" data-title=\"Slide\" data-in=\"o:0;\" data-out=\"a:false;\">\n\t\t\t\t\t\t\t<img decoding=\"async\" src=\"\/\/www.rialto1082.com\/wp-content\/plugins\/revslider\/sr6\/assets\/assets\/dummy.png\" alt=\"\" title=\"altana5\" width=\"1024\" height=\"768\" class=\"rev-slidebg tp-rs-img rs-lazyload\" data-lazyload=\"\/\/www.rialto1082.com\/wp-content\/uploads\/2023\/02\/altana5.jpg\" data-no-retina>\n<!--\n\t\t\t\t\t\t\t--><rs-layer\n\t\t\t\t\t\t\t\tid=\"slider-15-slide-16-layer-3\" \n\t\t\t\t\t\t\t\tdata-type=\"text\"\n\t\t\t\t\t\t\t\tdata-color=\"#fff\"\n\t\t\t\t\t\t\t\tdata-rsp_ch=\"on\"\n\t\t\t\t\t\t\t\tdata-xy=\"xo:502px,414px,314px,193px;yo:614px,507px,385px,448px;\"\n\t\t\t\t\t\t\t\tdata-text=\"w:normal;s:80,66,50,35;l:90,74,56,34;a:left,left,left,center;\"\n\t\t\t\t\t\t\t\tdata-dim=\"w:555px,458px,347px,266px;h:108px,89px,67px,51px;minh:0px,none,none,none;\"\n\t\t\t\t\t\t\t\tdata-padding=\"t:10,8,6,4;r:10,8,6,4;b:10,8,6,4;l:10,8,6,4;\"\n\t\t\t\t\t\t\t\tdata-frame_999=\"o:0;st:w;\"\n\t\t\t\t\t\t\t\tstyle=\"z-index:8;background-color:rgba(0,0,0,0.59);font-family:'PT Sans';\"\n\t\t\t\t\t\t\t>Contactez-nous \n\t\t\t\t\t\t\t<\/rs-layer><!--\n-->\t\t\t\t\t<\/rs-slide>\n\t\t\t\t\t<\/rs-slides>\n\t\t\t\t<\/rs-module>\n\t\t\t\t<script>\n\t\t\t\t\tsetREVStartSize({c: 'rev_slider_15_1',rl:[1240,1024,778,480],el:[900,768,960,720],gw:[1240,1024,778,480],gh:[900,768,960,720],type:'standard',justify:'',layout:'fullscreen',offsetContainer:'',offset:'',mh:\"0\"});if (window.RS_MODULES!==undefined && window.RS_MODULES.modules!==undefined && window.RS_MODULES.modules[\"revslider151\"]!==undefined) {window.RS_MODULES.modules[\"revslider151\"].once = false;window.revapi15 = undefined;if (window.RS_MODULES.checkMinimal!==undefined) window.RS_MODULES.checkMinimal()}\n\t\t\t\t<\/script>\n\t\t\t<\/rs-module-wrap>\n\t\t\t<!-- END REVOLUTION SLIDER -->\n<\/div>\n<div id='av_section_1'  class='avia-section av-qz31j-87e2d27181767e9170f1e49baea5678c main_color avia-section-default avia-no-border-styling  avia-builder-el-1  el_after_av_revolutionslider  el_before_av_section  opening-section av-small-hide av-mini-hide avia-bg-style-scroll av-minimum-height av-minimum-height-50 av-height-50  container_wrap sidebar_right'   data-av_minimum_height_pc='50' data-av_min_height_opt='50'><div class='container av-section-cont-open' ><div class='template-page content  av-content-small alpha units'><div class='post-entry post-entry-type-page post-entry-1394'><div class='entry-content-wrapper clearfix'>\n<div class='flex_column_table av-j24jz-c87b369aa42d956910d008600a3bfeaa sc-av_one_full av-equal-height-column-flextable'>\n<style type=\"text\/css\" data-created_by=\"avia_inline_auto\" id=\"style-css-av-j24jz-c87b369aa42d956910d008600a3bfeaa\">\n.flex_column.av-j24jz-c87b369aa42d956910d008600a3bfeaa{\nposition:relative;\ntop:100px;\npadding:30px 80px 30px 80px;\nheight:400px;\n}\n.flex_column.av-j24jz-c87b369aa42d956910d008600a3bfeaa .avia-curtain-reveal-overlay{\nanimation-duration:3s;\nbackground:#ff595f;\nz-index:100;\n}\n<\/style>\n<div  class='flex_column av-j24jz-c87b369aa42d956910d008600a3bfeaa av_one_full  avia-builder-el-2  avia-builder-el-no-sibling  dark-bcg first flex_column_table_cell av-equal-height-column av-align-middle av-custom-positioned av-parallax-object  ' data-parallax=\"{&quot;parallax&quot;:&quot;bottom_top&quot;,&quot;parallax_speed&quot;:&quot;30&quot;,&quot;av-desktop-parallax&quot;:&quot;inherit&quot;,&quot;av-desktop-parallax_speed&quot;:&quot;inherit&quot;,&quot;av-medium-parallax&quot;:&quot;inherit&quot;,&quot;av-medium-parallax_speed&quot;:&quot;inherit&quot;,&quot;av-small-parallax&quot;:&quot;inherit&quot;,&quot;av-small-parallax_speed&quot;:&quot;inherit&quot;,&quot;av-mini-parallax&quot;:&quot;inherit&quot;,&quot;av-mini-parallax_speed&quot;:&quot;inherit&quot;,&quot;parallax-container&quot;:&quot;.av-j24jz-c87b369aa42d956910d008600a3bfeaa&quot;}\"    ><div class='avia-curtain-reveal-overlay av-animated-when-visible-95 animate-all-devices curtain-reveal-ttb'><\/div><style type=\"text\/css\" data-created_by=\"avia_inline_auto\" id=\"style-css-av-ljmoimxl-ecec8d05ad1aca89ae17e48f7214b6c0\">\n#top .av_textblock_section.av-ljmoimxl-ecec8d05ad1aca89ae17e48f7214b6c0 .avia_textblock{\ncolor:#ffffff;\n}\n\n@media only screen and (min-width: 990px){ \n#top .av_textblock_section.av-ljmoimxl-ecec8d05ad1aca89ae17e48f7214b6c0 .avia_textblock{\nfont-size:24px;\n}\n}\n\n@media only screen and (min-width: 768px) and (max-width: 989px){ \n#top .av_textblock_section.av-ljmoimxl-ecec8d05ad1aca89ae17e48f7214b6c0 .avia_textblock{\nfont-size:22px;\n}\n}\n\n@media only screen and (min-width: 480px) and (max-width: 767px){ \n#top .av_textblock_section.av-ljmoimxl-ecec8d05ad1aca89ae17e48f7214b6c0 .avia_textblock{\nfont-size:22px;\n}\n}\n\n@media only screen and (max-width: 479px){ \n#top .av_textblock_section.av-ljmoimxl-ecec8d05ad1aca89ae17e48f7214b6c0 .avia_textblock{\nfont-size:20px;\n}\n}\n<\/style>\n<section  class='av_textblock_section av-ljmoimxl-ecec8d05ad1aca89ae17e48f7214b6c0 '   itemscope=\"itemscope\" itemtype=\"https:\/\/schema.org\/CreativeWork\" ><div class='avia_textblock av_inherit_color'  itemprop=\"text\" ><p>Veuillez utiliser ce formulaire pour demander une chambre. Indiquez votre nom et vos coordonn\u00e9es, ainsi que la p\u00e9riode et le type de chambre souhait\u00e9s.<\/p>\n<p>Nous vous contacterons dans les 24 heures pour vous indiquer les disponibilit\u00e9s et les tarifs appliqu\u00e9s pour la p\u00e9riode sp\u00e9cifi\u00e9e.<\/p>\n<\/div><\/section><\/div><\/div><!--close column table wrapper. Autoclose: 1 -->\n\n<\/div><\/div><\/div><!-- close content main div --><\/div><\/div><div id='av_section_2'  class='avia-section av-1s3t3-84387a3a21e642119cc0197dbfa85902 main_color avia-section-default avia-no-border-styling  avia-builder-el-4  el_after_av_section  el_before_av_section  av-desktop-hide av-medium-hide avia-bg-style-scroll av-minimum-height av-minimum-height-50 av-height-50  container_wrap sidebar_right'   data-av_minimum_height_pc='50' data-av_min_height_opt='50'><div class='container av-section-cont-open' ><div class='template-page content  av-content-small alpha units'><div class='post-entry post-entry-type-page post-entry-1394'><div class='entry-content-wrapper clearfix'>\n<div class='flex_column_table av-a6g2f-846a5441704777ec874998f194333b23 sc-av_one_full av-equal-height-column-flextable'>\n<style type=\"text\/css\" data-created_by=\"avia_inline_auto\" id=\"style-css-av-a6g2f-846a5441704777ec874998f194333b23\">\n.flex_column.av-a6g2f-846a5441704777ec874998f194333b23{\npadding:30px 20px 30px 20px;\n}\n<\/style>\n<div  class='flex_column av-a6g2f-846a5441704777ec874998f194333b23 av_one_full  avia-builder-el-5  avia-builder-el-no-sibling  dark-bcg first flex_column_table_cell av-equal-height-column av-align-middle  '     ><style type=\"text\/css\" data-created_by=\"avia_inline_auto\" id=\"style-css-av-ljmoisq5-d35a9601521ed43d7523a7f70f7939b4\">\n#top .av_textblock_section.av-ljmoisq5-d35a9601521ed43d7523a7f70f7939b4 .avia_textblock{\ncolor:#ffffff;\n}\n\n@media only screen and (min-width: 990px){ \n#top .av_textblock_section.av-ljmoisq5-d35a9601521ed43d7523a7f70f7939b4 .avia_textblock{\nfont-size:24px;\n}\n}\n\n@media only screen and (min-width: 768px) and (max-width: 989px){ \n#top .av_textblock_section.av-ljmoisq5-d35a9601521ed43d7523a7f70f7939b4 .avia_textblock{\nfont-size:22px;\n}\n}\n\n@media only screen and (min-width: 480px) and (max-width: 767px){ \n#top .av_textblock_section.av-ljmoisq5-d35a9601521ed43d7523a7f70f7939b4 .avia_textblock{\nfont-size:22px;\n}\n}\n\n@media only screen and (max-width: 479px){ \n#top .av_textblock_section.av-ljmoisq5-d35a9601521ed43d7523a7f70f7939b4 .avia_textblock{\nfont-size:20px;\n}\n}\n<\/style>\n<section  class='av_textblock_section av-ljmoisq5-d35a9601521ed43d7523a7f70f7939b4 '   itemscope=\"itemscope\" itemtype=\"https:\/\/schema.org\/CreativeWork\" ><div class='avia_textblock av_inherit_color'  itemprop=\"text\" ><p>Veuillez utiliser ce formulaire pour demander une chambre. Indiquez votre nom et vos coordonn\u00e9es, ainsi que la p\u00e9riode et le type de chambre souhait\u00e9s.<\/p>\n<p>Nous vous contacterons dans les 24 heures pour vous indiquer les disponibilit\u00e9s et les tarifs appliqu\u00e9s pour la p\u00e9riode sp\u00e9cifi\u00e9e.<\/p>\n<\/div><\/section><\/div><\/div><!--close column table wrapper. Autoclose: 1 -->\n\n<\/div><\/div><\/div><!-- close content main div --><\/div><\/div>\n<style type=\"text\/css\" data-created_by=\"avia_inline_auto\" id=\"style-css-av-ljmoo9am-74ce1062b44322e7ea00f04ed557dcf4\">\n.avia-section.av-ljmoo9am-74ce1062b44322e7ea00f04ed557dcf4{\nbackground-repeat:no-repeat;\nbackground-image:url(https:\/\/www.rialto1082.com\/wp-content\/uploads\/2023\/05\/venice-gd657b660f_1920.jpg);\nbackground-position:0% 0%;\nbackground-attachment:scroll;\n}\n<\/style>\n<div id='av_section_3'  class='avia-section av-ljmoo9am-74ce1062b44322e7ea00f04ed557dcf4 main_color avia-section-default avia-no-border-styling  avia-builder-el-7  el_after_av_section  avia-builder-el-last  avia-full-stretch avia-bg-style-scroll container_wrap sidebar_right'  data-section-bg-repeat='stretch'><div class='container av-section-cont-open' ><div class='template-page content  av-content-small alpha units'><div class='post-entry post-entry-type-page post-entry-1394'><div class='entry-content-wrapper clearfix'>\n\n<style type=\"text\/css\" data-created_by=\"avia_inline_auto\" id=\"style-css-av-ljmoolsa-b0853d582d886bfca1b0a914c6f81dbd\">\n.flex_column.av-ljmoolsa-b0853d582d886bfca1b0a914c6f81dbd{\nbackground-color:rgba(239,239,239,0.55);\n}\n\n@media only screen and (min-width: 990px){ \n.flex_column.av-ljmoolsa-b0853d582d886bfca1b0a914c6f81dbd{\npadding:30px 30px 30px 30px;\n}\n}\n\n@media only screen and (min-width: 768px) and (max-width: 989px){ \n.flex_column.av-ljmoolsa-b0853d582d886bfca1b0a914c6f81dbd{\npadding:20px 20px 20px 20px;\n}\n}\n\n@media only screen and (min-width: 480px) and (max-width: 767px){ \n.flex_column.av-ljmoolsa-b0853d582d886bfca1b0a914c6f81dbd{\npadding:20px 20px 20px 20px;\n}\n}\n\n@media only screen and (max-width: 479px){ \n.flex_column.av-ljmoolsa-b0853d582d886bfca1b0a914c6f81dbd{\npadding:10px 10px 10px 10px;\n}\n}\n<\/style>\n<div  class='flex_column av-ljmoolsa-b0853d582d886bfca1b0a914c6f81dbd av_one_full  avia-builder-el-8  avia-builder-el-no-sibling  first flex_column_div  '     ><section  class='av_textblock_section av-ljmomxzm-2876f3f067a9ffcc7a2b2ee10cbb05f3 '   itemscope=\"itemscope\" itemtype=\"https:\/\/schema.org\/CreativeWork\" ><div class='avia_textblock'  itemprop=\"text\" >\n<div class=\"wpcf7 no-js\" id=\"wpcf7-f1448-o1\" lang=\"fr-FR\" dir=\"ltr\" data-wpcf7-id=\"1448\">\n<div class=\"screen-reader-response\"><p role=\"status\" aria-live=\"polite\" aria-atomic=\"true\"><\/p> <ul><\/ul><\/div>\n<form action=\"\/fr\/wp-json\/wp\/v2\/pages\/1394#wpcf7-f1448-o1\" method=\"post\" class=\"wpcf7-form init wpcf7-acceptance-as-validation\" aria-label=\"Formulaire de contact\" novalidate=\"novalidate\" data-status=\"init\">\n<fieldset class=\"hidden-fields-container\"><input type=\"hidden\" name=\"_wpcf7\" value=\"1448\" \/><input type=\"hidden\" name=\"_wpcf7_version\" value=\"6.1.4\" \/><input type=\"hidden\" name=\"_wpcf7_locale\" value=\"fr_FR\" \/><input type=\"hidden\" name=\"_wpcf7_unit_tag\" value=\"wpcf7-f1448-o1\" \/><input type=\"hidden\" name=\"_wpcf7_container_post\" value=\"0\" \/><input type=\"hidden\" name=\"_wpcf7_posted_data_hash\" value=\"\" \/>\n<\/fieldset>\n<div class=\"form-row-rialto\">\n\t<p style=\"text-align:right\">\n * indique qu'il est n\u00e9cessaire\n<\/p>\n<\/div>\n\n\n<div class=\"form-contact-rialto\">\n\t<div class=\"wpcf7-response-output\" aria-hidden=\"true\"><\/div>\n\t<div class=\"form-row-rialto\">\n\t\t<div class=\"content-column form-rialto-col-half first-half\">\n\t\t\t<div style=\"padding:0;\"><span class=\"use-floating-validation-tip\"><span class=\"wpcf7-form-control-wrap\" data-name=\"first-name\"><input size=\"40\" maxlength=\"400\" class=\"wpcf7-form-control wpcf7-text wpcf7-validates-as-required rialto-contact-text\" autocomplete=\"text\" aria-required=\"true\" aria-invalid=\"false\" placeholder=\"Pr\u00e9nom*\" value=\"\" type=\"text\" name=\"first-name\" \/><\/span><\/span><\/div>\n\t\t<\/div>\n\t\t<div class=\"content-column form-rialto-col-half\">\n\t\t\t<div style=\"padding:0;\"><span class=\"use-floating-validation-tip\"><span class=\"wpcf7-form-control-wrap\" data-name=\"last-name\"><input size=\"40\" maxlength=\"400\" class=\"wpcf7-form-control wpcf7-text wpcf7-validates-as-required rialto-contact-text\" autocomplete=\"text\" aria-required=\"true\" aria-invalid=\"false\" placeholder=\"Nom de famille*\" value=\"\" type=\"text\" name=\"last-name\" \/><\/span><\/span><\/div>\n\t\t<\/div>\n\t<\/div>\t\t\n\t<div class=\"form-row-rialto\">\n\t\t<div class=\"content-column form-rialto-col-half first-half\">\n\t\t\t<div style=\"padding:0;\"><span class=\"use-floating-validation-tip\"><span class=\"wpcf7-form-control-wrap\" data-name=\"telephone\"><input size=\"40\" maxlength=\"400\" class=\"wpcf7-form-control wpcf7-text wpcf7-validates-as-required rialto-contact-text\" autocomplete=\"text\" aria-required=\"true\" aria-invalid=\"false\" placeholder=\"T\u00e9l\u00e9phone*\" value=\"\" type=\"text\" name=\"telephone\" \/><\/span><\/span><\/div>\n\t\t<\/div>\n\t\t<div class=\"content-column form-rialto-col-half\">\n\t\t\t<div style=\"padding:0;\"><span class=\"use-floating-validation-tip\"><span class=\"wpcf7-form-control-wrap\" data-name=\"email\"><input size=\"40\" maxlength=\"400\" class=\"wpcf7-form-control wpcf7-email wpcf7-validates-as-required wpcf7-text wpcf7-validates-as-email\" autocomplete=\"email\" aria-required=\"true\" aria-invalid=\"false\" placeholder=\"Email*\" value=\"\" type=\"email\" name=\"email\" \/><\/span><\/span><\/div>\n\t\t<\/div>\n\t<\/div>\n\t<div class=\"form-row-rialto\">\n\t\t<div class=\"content-column form-rialto-col-half first-half\" style=\"margin-top:20px;\">\n\t\t\t<div style=\"padding:0;\"><span class=\"use-floating-validation-tip\"><span class=\"wpcf7-form-control-wrap\" data-name=\"Room\"><select class=\"wpcf7-form-control wpcf7-select wpcf7-validates-as-required\" aria-required=\"true\" aria-invalid=\"false\" name=\"Room\"><option value=\"\">&#8212;Veuillez choisir une option&#8212;<\/option><option value=\"Single\">Single<\/option><option value=\"Double\">Double<\/option><option value=\"Mansard\">Mansard<\/option><option value=\"Apartment\">Apartment<\/option><\/select><\/span><\/span><\/div>\n\t\t<\/div>\n\t\t<div class=\"content-column form-rialto-col-third\">\n N. chambres (*)\n\t\t\t<div style=\"padding:0;\"><span class=\"use-floating-validation-tip\"><span class=\"wpcf7-form-control-wrap\" data-name=\"n_rooms\"><select class=\"wpcf7-form-control wpcf7-select wpcf7-validates-as-required\" aria-required=\"true\" aria-invalid=\"false\" name=\"n_rooms\"><option value=\"1\">1<\/option><option value=\"2\">2<\/option><option value=\"3\">3<\/option><\/select><\/span><\/span><\/div>\n\t\t<\/div>\n\t\t<div class=\"content-column form-rialto-col-third\">\n N. adultes (*)\n\t\t\t<div style=\"padding:0;\"><span class=\"use-floating-validation-tip\"><span class=\"wpcf7-form-control-wrap\" data-name=\"n_adults\"><select class=\"wpcf7-form-control wpcf7-select wpcf7-validates-as-required\" aria-required=\"true\" aria-invalid=\"false\" name=\"n_adults\"><option value=\"1\">1<\/option><option value=\"2\">2<\/option><option value=\"3\">3<\/option><option value=\"4\">4<\/option><option value=\"5\">5<\/option><\/select><\/span><\/span><\/div>\n\t\t<\/div>\t\n\t\t<div class=\"content-column form-rialto-col-third\">\n N. d'enfants (*)\n\t\t\t<div style=\"padding:0;\"><span class=\"use-floating-validation-tip\"><span class=\"wpcf7-form-control-wrap\" data-name=\"n_children\"><select class=\"wpcf7-form-control wpcf7-select wpcf7-validates-as-required\" aria-required=\"true\" aria-invalid=\"false\" name=\"n_children\"><option value=\"0\">0<\/option><option value=\"1\">1<\/option><option value=\"2\">2<\/option><option value=\"3\">3<\/option><\/select><\/span><\/span><\/div>\n\t\t\t\n\t\t<\/div>\t\t\t\t\n\t<\/div>\t\t\n\t<div class=\"form-row-rialto\">\n\t\t<div class=\"content-column form-rialto-col-half first-half\">\n Date d'arriv\u00e9e(*)\n\t\t\t<div style=\"padding:0;\"><span class=\"use-floating-validation-tip\"><span class=\"wpcf7-form-control-wrap\" data-name=\"datearrival\"><input class=\"wpcf7-form-control wpcf7-date wpcf7-validates-as-required wpcf7-validates-as-date\" aria-required=\"true\" aria-invalid=\"false\" placeholder=\"Date d&#039;arriv\u00e9e\" value=\"\" type=\"date\" name=\"datearrival\" \/><\/span><\/span><\/div>\n\t\t<\/div>\n\t\t<div class=\"content-column form-rialto-col-half\">\n Date de d\u00e9part(*)\n\t\t\t<div style=\"padding:0;\"><span class=\"use-floating-validation-tip\"><span class=\"wpcf7-form-control-wrap\" data-name=\"datedeparture\"><input class=\"wpcf7-form-control wpcf7-date wpcf7-validates-as-required wpcf7-validates-as-date\" aria-required=\"true\" aria-invalid=\"false\" placeholder=\"Date de d\u00e9part\" value=\"\" type=\"date\" name=\"datedeparture\" \/><\/span><\/span><\/div>\n\t\t<\/div>\n\t\t\t\t\n\t<\/div>\n\t<div class=\"form-row-rialto\">\n\t\t<div class=\"content-column form-rialto-col-half first-half\">\n\t\t\t<div class=\"accept-terms\"><span class=\"wpcf7-form-control-wrap\" data-name=\"acceptance-570\"><span class=\"wpcf7-form-control wpcf7-acceptance optional\"><span class=\"wpcf7-list-item\"><label><input type=\"checkbox\" name=\"acceptance-570\" value=\"1\" aria-invalid=\"false\" \/><span class=\"wpcf7-list-item-label\"><a href=\"#\" target=\"_blank\">Accepter la politique de confidentialit\u00e9<\/a><\/span><\/label><\/span><\/span><\/span><\/div>\n\t\t<\/div>\n\t<\/div>\n\n\t<div class=\"form-row-rialto\">\n\t\t<div class=\"content-column form-rialto-col-half first-half\">\n\n\t\t\t<input class=\"wpcf7-form-control wpcf7-submit has-spinner\" type=\"submit\" value=\"Send\" \/>\n\t\t<\/div>\n\t<\/div>\n\n\n\t\n<\/div>\n<\/form>\n<\/div>\n\n<\/div><\/section><\/div>\n<\/div><\/div><\/div><!-- close content main div --><\/div><\/div><div id='after_section_3'  class='main_color av_default_container_wrap container_wrap sidebar_right'  ><div class='container av-section-cont-open' ><div class='template-page content  av-content-small alpha units'><div class='post-entry post-entry-type-page post-entry-1394'><div class='entry-content-wrapper clearfix'>\n","protected":false},"excerpt":{"rendered":"","protected":false},"author":3,"featured_media":0,"parent":0,"menu_order":5,"comment_status":"closed","ping_status":"closed","template":"","meta":{"footnotes":""},"class_list":["post-1394","page","type-page","status-publish","hentry"],"_links":{"self":[{"href":"https:\/\/www.rialto1082.com\/fr\/wp-json\/wp\/v2\/pages\/1394","targetHints":{"allow":["GET"]}}],"collection":[{"href":"https:\/\/www.rialto1082.com\/fr\/wp-json\/wp\/v2\/pages"}],"about":[{"href":"https:\/\/www.rialto1082.com\/fr\/wp-json\/wp\/v2\/types\/page"}],"author":[{"embeddable":true,"href":"https:\/\/www.rialto1082.com\/fr\/wp-json\/wp\/v2\/users\/3"}],"replies":[{"embeddable":true,"href":"https:\/\/www.rialto1082.com\/fr\/wp-json\/wp\/v2\/comments?post=1394"}],"version-history":[{"count":0,"href":"https:\/\/www.rialto1082.com\/fr\/wp-json\/wp\/v2\/pages\/1394\/revisions"}],"wp:attachment":[{"href":"https:\/\/www.rialto1082.com\/fr\/wp-json\/wp\/v2\/media?parent=1394"}],"curies":[{"name":"wp","href":"https:\/\/api.w.org\/{rel}","templated":true}]}}