{"id":1356,"date":"2023-05-22T11:39:17","date_gmt":"2023-05-22T11:39:17","guid":{"rendered":"https:\/\/www.rialto1082.com\/ubicacion\/descubra-la-zona\/"},"modified":"2023-07-24T15:43:25","modified_gmt":"2023-07-24T15:43:25","slug":"descubra-la-zona","status":"publish","type":"page","link":"https:\/\/www.rialto1082.com\/es\/ubicacion\/descubra-la-zona\/","title":{"rendered":"Descubra la zona"},"content":{"rendered":"<div id='revolutionslider_1'  class='avia-layerslider avia-revolutionslider main_color avia-shadow  avia-builder-el-0  el_before_av_section  avia-builder-el-first   container_wrap sidebar_right'  >\n\t\t\t<!-- START Neighbours REVOLUTION SLIDER 6.7.21 --><p class=\"rs-p-wp-fix\"><\/p>\n\t\t\t<rs-module-wrap id=\"rev_slider_11_1_wrapper\" data-source=\"gallery\" style=\"visibility:hidden;background:transparent;padding:0;\">\n\t\t\t\t<rs-module id=\"rev_slider_11_1\" style=\"\" data-version=\"6.7.21\">\n\t\t\t\t\t<rs-slides style=\"overflow: hidden; position: absolute;\">\n\t\t\t\t\t\t<rs-slide style=\"position: absolute;\" data-key=\"rs-35\" data-title=\"Slide\" data-in=\"o:0;\" data-out=\"a:false;\">\n\t\t\t\t\t\t\t<img decoding=\"async\" src=\"\/\/www.rialto1082.com\/wp-content\/plugins\/revslider\/sr6\/assets\/assets\/dummy.png\" alt=\"\" title=\"venice-g0fdf5aa8e_1920\" width=\"1920\" height=\"1280\" class=\"rev-slidebg tp-rs-img rs-lazyload\" data-lazyload=\"\/\/www.rialto1082.com\/wp-content\/uploads\/2023\/03\/venice-g0fdf5aa8e_1920.jpg\" data-no-retina>\n<!--\n\t\t\t\t\t\t\t--><rs-layer\n\t\t\t\t\t\t\t\tid=\"slider-11-slide-35-layer-3\" \n\t\t\t\t\t\t\t\tdata-type=\"text\"\n\t\t\t\t\t\t\t\tdata-color=\"#fff\"\n\t\t\t\t\t\t\t\tdata-rsp_ch=\"on\"\n\t\t\t\t\t\t\t\tdata-xy=\"xo:117px,96px,72px,84px;yo:714px,589px,447px,484px;\"\n\t\t\t\t\t\t\t\tdata-text=\"w:normal;s:80,66,50,35;l:90,74,56,34;a:center;\"\n\t\t\t\t\t\t\t\tdata-dim=\"w:auto,auto,auto,375px;h:auto,auto,auto,76px;minh:0px,none,none,none;\"\n\t\t\t\t\t\t\t\tdata-padding=\"t:10,8,6,4;r:10,8,6,4;b:10,8,6,4;l:10,8,6,4;\"\n\t\t\t\t\t\t\t\tdata-frame_999=\"o:0;st:w;\"\n\t\t\t\t\t\t\t\tstyle=\"z-index:8;background-color:rgba(0,0,0,0.59);font-family:'PT Sans';\"\n\t\t\t\t\t\t\t>Descubra el barrio de Rialto \n\t\t\t\t\t\t\t<\/rs-layer><!--\n-->\t\t\t\t\t<\/rs-slide>\n\t\t\t\t\t<\/rs-slides>\n\t\t\t\t<\/rs-module>\n\t\t\t\t<script>\n\t\t\t\t\tsetREVStartSize({c: 'rev_slider_11_1',rl:[1240,1024,778,480],el:[900,768,960,720],gw:[1240,1024,778,480],gh:[900,768,960,720],type:'standard',justify:'',layout:'fullscreen',offsetContainer:'',offset:'',mh:\"0\"});if (window.RS_MODULES!==undefined && window.RS_MODULES.modules!==undefined && window.RS_MODULES.modules[\"revslider111\"]!==undefined) {window.RS_MODULES.modules[\"revslider111\"].once = false;window.revapi11 = undefined;if (window.RS_MODULES.checkMinimal!==undefined) window.RS_MODULES.checkMinimal()}\n\t\t\t\t<\/script>\n\t\t\t<\/rs-module-wrap>\n\t\t\t<!-- END REVOLUTION SLIDER -->\n<\/div>\n<div id='av_section_1'  class='avia-section av-14wp8x-e18bd1dc38b8d8a9d363bac14c132140 main_color avia-section-default avia-no-border-styling  avia-builder-el-1  el_after_av_revolutionslider  el_before_av_section  opening-section av-small-hide av-mini-hide avia-bg-style-scroll container_wrap sidebar_right'  ><div class='container av-section-cont-open' ><div class='template-page content  av-content-small alpha units'><div class='post-entry post-entry-type-page post-entry-1356'><div class='entry-content-wrapper clearfix'>\n<div class='flex_column_table av-w3m4h-ccd4d9ce0e2605ee913a5769ec09516b sc-av_one_full av-equal-height-column-flextable'>\n<style type=\"text\/css\" data-created_by=\"avia_inline_auto\" id=\"style-css-av-w3m4h-ccd4d9ce0e2605ee913a5769ec09516b\">\n.flex_column.av-w3m4h-ccd4d9ce0e2605ee913a5769ec09516b{\nposition:relative;\ntop:10px;\nheight:400px;\n}\n.flex_column.av-w3m4h-ccd4d9ce0e2605ee913a5769ec09516b .avia-curtain-reveal-overlay{\nanimation-duration:3s;\nbackground:#ff595f;\nz-index:100;\n}\n\n@media only screen and (min-width: 990px){ \n.flex_column.av-w3m4h-ccd4d9ce0e2605ee913a5769ec09516b{\npadding:30px 80px 30px 80px;\n}\n}\n\n@media only screen and (min-width: 768px) and (max-width: 989px){ \n.flex_column.av-w3m4h-ccd4d9ce0e2605ee913a5769ec09516b{\npadding:30px 80px 30px 80px;\n}\n}\n\n@media only screen and (min-width: 480px) and (max-width: 767px){ \n.flex_column.av-w3m4h-ccd4d9ce0e2605ee913a5769ec09516b{\npadding:30px 80px 30px 80px;\n}\n}\n\n@media only screen and (max-width: 479px){ \n.flex_column.av-w3m4h-ccd4d9ce0e2605ee913a5769ec09516b{\npadding:20px 20px 20px 20px;\n}\n}\n<\/style>\n<div  class='flex_column av-w3m4h-ccd4d9ce0e2605ee913a5769ec09516b av_one_full  avia-builder-el-2  avia-builder-el-no-sibling  dark-bcg first flex_column_table_cell av-equal-height-column av-align-middle av-custom-positioned av-parallax-object  ' data-parallax=\"{&quot;parallax&quot;:&quot;bottom_top&quot;,&quot;parallax_speed&quot;:&quot;30&quot;,&quot;av-desktop-parallax&quot;:&quot;inherit&quot;,&quot;av-desktop-parallax_speed&quot;:&quot;inherit&quot;,&quot;av-medium-parallax&quot;:&quot;inherit&quot;,&quot;av-medium-parallax_speed&quot;:&quot;inherit&quot;,&quot;av-small-parallax&quot;:&quot;inherit&quot;,&quot;av-small-parallax_speed&quot;:&quot;inherit&quot;,&quot;av-mini-parallax&quot;:&quot;inherit&quot;,&quot;av-mini-parallax_speed&quot;:&quot;inherit&quot;,&quot;parallax-container&quot;:&quot;.av-w3m4h-ccd4d9ce0e2605ee913a5769ec09516b&quot;}\"    ><div class='avia-curtain-reveal-overlay av-animated-when-visible-95 animate-all-devices curtain-reveal-ttb'><\/div><style type=\"text\/css\" data-created_by=\"avia_inline_auto\" id=\"style-css-av-le2ptro1-858cfc7caf5663b6b339c8495472fa54\">\n#top .av_textblock_section.av-le2ptro1-858cfc7caf5663b6b339c8495472fa54 .avia_textblock{\ncolor:#ffffff;\n}\n\n@media only screen and (min-width: 990px){ \n#top .av_textblock_section.av-le2ptro1-858cfc7caf5663b6b339c8495472fa54 .avia_textblock{\nfont-size:24px;\n}\n}\n\n@media only screen and (min-width: 768px) and (max-width: 989px){ \n#top .av_textblock_section.av-le2ptro1-858cfc7caf5663b6b339c8495472fa54 .avia_textblock{\nfont-size:22px;\n}\n}\n\n@media only screen and (min-width: 480px) and (max-width: 767px){ \n#top .av_textblock_section.av-le2ptro1-858cfc7caf5663b6b339c8495472fa54 .avia_textblock{\nfont-size:22px;\n}\n}\n\n@media only screen and (max-width: 479px){ \n#top .av_textblock_section.av-le2ptro1-858cfc7caf5663b6b339c8495472fa54 .avia_textblock{\nfont-size:20px;\n}\n}\n<\/style>\n<section  class='av_textblock_section av-le2ptro1-858cfc7caf5663b6b339c8495472fa54 '   itemscope=\"itemscope\" itemtype=\"https:\/\/schema.org\/CreativeWork\" ><div class='avia_textblock av_inherit_color'  itemprop=\"text\" ><p>Rialto1082 est\u00e1 situado cerca de Campo San Silvestro, a poca distancia del <strong>Puente de Rialto<\/strong> y a 10 minutos a pie de la Plaza de San Marcos, le permitir\u00e1 sumergirse en la vida de la ciudad y conocer lo mejor que Venecia puede ofrecer. A s\u00f3lo 50 metros se encuentra el <strong>Gran Canal<\/strong>, con sus magn\u00edficos edificios.<\/p>\n<\/div><\/section><\/div><\/div><!--close column table wrapper. Autoclose: 1 --><\/div><\/div><\/div><!-- close content main div --><\/div><\/div><div id='av_section_2'  class='avia-section av-lf6vg3uc-dc415f78430fd4e810ba1187cc7696d2 main_color avia-section-default avia-no-border-styling  avia-builder-el-4  el_after_av_section  el_before_av_layout_row  av-desktop-hide av-medium-hide avia-bg-style-scroll container_wrap sidebar_right'  ><div class='container av-section-cont-open' ><div class='template-page content  av-content-small alpha units'><div class='post-entry post-entry-type-page post-entry-1356'><div class='entry-content-wrapper clearfix'>\n<div class='flex_column_table av-lf6vgcp3-539e3e0e0b7b95736728bd537bfa1140 sc-av_one_full av-equal-height-column-flextable'>\n<style type=\"text\/css\" data-created_by=\"avia_inline_auto\" id=\"style-css-av-lf6vgcp3-539e3e0e0b7b95736728bd537bfa1140\">\n.flex_column.av-lf6vgcp3-539e3e0e0b7b95736728bd537bfa1140{\nposition:relative;\ntop:10px;\n}\n\n@media only screen and (min-width: 990px){ \n.flex_column.av-lf6vgcp3-539e3e0e0b7b95736728bd537bfa1140{\npadding:30px 80px 30px 80px;\n}\n}\n\n@media only screen and (min-width: 768px) and (max-width: 989px){ \n.flex_column.av-lf6vgcp3-539e3e0e0b7b95736728bd537bfa1140{\npadding:30px 80px 30px 80px;\n}\n}\n\n@media only screen and (min-width: 480px) and (max-width: 767px){ \n.flex_column.av-lf6vgcp3-539e3e0e0b7b95736728bd537bfa1140{\npadding:30px 80px 30px 80px;\n}\n}\n\n@media only screen and (max-width: 479px){ \n.flex_column.av-lf6vgcp3-539e3e0e0b7b95736728bd537bfa1140{\npadding:20px 20px 20px 20px;\n}\n}\n<\/style>\n<div  class='flex_column av-lf6vgcp3-539e3e0e0b7b95736728bd537bfa1140 av_one_full  avia-builder-el-5  avia-builder-el-no-sibling  dark-bcg first flex_column_table_cell av-equal-height-column av-align-middle av-custom-positioned  '     ><style type=\"text\/css\" data-created_by=\"avia_inline_auto\" id=\"style-css-av-9l1mh-02a7484b07bd30f6e3454c2d9c4908ec\">\n#top .av_textblock_section.av-9l1mh-02a7484b07bd30f6e3454c2d9c4908ec .avia_textblock{\ncolor:#ffffff;\n}\n\n@media only screen and (min-width: 990px){ \n#top .av_textblock_section.av-9l1mh-02a7484b07bd30f6e3454c2d9c4908ec .avia_textblock{\nfont-size:24px;\n}\n}\n\n@media only screen and (min-width: 768px) and (max-width: 989px){ \n#top .av_textblock_section.av-9l1mh-02a7484b07bd30f6e3454c2d9c4908ec .avia_textblock{\nfont-size:22px;\n}\n}\n\n@media only screen and (min-width: 480px) and (max-width: 767px){ \n#top .av_textblock_section.av-9l1mh-02a7484b07bd30f6e3454c2d9c4908ec .avia_textblock{\nfont-size:22px;\n}\n}\n\n@media only screen and (max-width: 479px){ \n#top .av_textblock_section.av-9l1mh-02a7484b07bd30f6e3454c2d9c4908ec .avia_textblock{\nfont-size:20px;\n}\n}\n<\/style>\n<section  class='av_textblock_section av-9l1mh-02a7484b07bd30f6e3454c2d9c4908ec '   itemscope=\"itemscope\" itemtype=\"https:\/\/schema.org\/CreativeWork\" ><div class='avia_textblock av_inherit_color'  itemprop=\"text\" ><p>Rialto1082 est\u00e1 situado cerca de Campo San Silvestro, a poca distancia del <strong>Puente de Rialto<\/strong> y a 10 minutos a pie de la Plaza de San Marcos, le permitir\u00e1 sumergirse en la vida de la ciudad y conocer lo mejor que Venecia puede ofrecer. A s\u00f3lo 50 metros se encuentra el <strong>Gran Canal<\/strong>, con sus magn\u00edficos edificios.<\/p>\n<\/div><\/section><\/div><\/div><!--close column table wrapper. Autoclose: 1 --><\/div><\/div><\/div><!-- close content main div --><\/div><\/div><div id='av-layout-grid-1'  class='av-layout-grid-container av-5kycg-b0f94713dcd33d5b07523bfdf15f0220 entry-content-wrapper main_color av-flex-cells  avia-builder-el-7  el_after_av_section  el_before_av_layout_row  grid-row-not-first  container_wrap sidebar_right'  >\n<div class='flex_cell av-1gmbrk-8438a4f432ec46d6d6d0eb54fe470d3c av-gridrow-cell av_one_half no_margin  avia-builder-el-8  el_before_av_cell_one_half  avia-builder-el-first '  ><div class='flex_cell_inner'><div  class='flex_column av-lf2pi24v-3a0fabab5510dd343963f586b3fe5bd0 av_one_full  avia-builder-el-9  avia-builder-el-no-sibling  first flex_column_div  '     ><style type=\"text\/css\" data-created_by=\"avia_inline_auto\" id=\"style-css-av-b1ffd-05614e14ac5b371a00dea3494785fe28\">\n.avia-image-container.av-b1ffd-05614e14ac5b371a00dea3494785fe28 img.avia_image{\nbox-shadow:none;\n}\n.avia-image-container.av-b1ffd-05614e14ac5b371a00dea3494785fe28 .av-image-caption-overlay-center{\ncolor:#ffffff;\n}\n<\/style>\n<div  class='avia-image-container av-b1ffd-05614e14ac5b371a00dea3494785fe28 av-styling- avia-align-center  avia-builder-el-10  avia-builder-el-no-sibling '   itemprop=\"image\" itemscope=\"itemscope\" itemtype=\"https:\/\/schema.org\/ImageObject\" ><div class=\"avia-image-container-inner\"><div class=\"avia-image-overlay-wrap\"><img decoding=\"async\" fetchpriority=\"high\" class='wp-image-1183 avia-img-lazy-loading-not-1183 avia_image ' src=\"https:\/\/www.rialto1082.com\/wp-content\/uploads\/2023\/03\/venice-g0fdf5aa8e_1920-1030x687.jpg\" alt='' title='venice-g0fdf5aa8e_1920'  height=\"687\" width=\"1030\"  itemprop=\"thumbnailUrl\" srcset=\"https:\/\/www.rialto1082.com\/wp-content\/uploads\/2023\/03\/venice-g0fdf5aa8e_1920-1030x687.jpg 1030w, https:\/\/www.rialto1082.com\/wp-content\/uploads\/2023\/03\/venice-g0fdf5aa8e_1920-300x200.jpg 300w, https:\/\/www.rialto1082.com\/wp-content\/uploads\/2023\/03\/venice-g0fdf5aa8e_1920-768x512.jpg 768w, https:\/\/www.rialto1082.com\/wp-content\/uploads\/2023\/03\/venice-g0fdf5aa8e_1920-1536x1024.jpg 1536w, https:\/\/www.rialto1082.com\/wp-content\/uploads\/2023\/03\/venice-g0fdf5aa8e_1920-1500x1000.jpg 1500w, https:\/\/www.rialto1082.com\/wp-content\/uploads\/2023\/03\/venice-g0fdf5aa8e_1920-705x470.jpg 705w, https:\/\/www.rialto1082.com\/wp-content\/uploads\/2023\/03\/venice-g0fdf5aa8e_1920.jpg 1920w\" sizes=\"(max-width: 1030px) 100vw, 1030px\" \/><\/div><\/div><\/div><\/div>\n<\/div><\/div><div class='flex_cell av-19qlk0-fe84dbc00e7afe81b12dc1558739eaca av-gridrow-cell av_one_half no_margin  avia-builder-el-11  el_after_av_cell_one_half  avia-builder-el-last '  ><div class='flex_cell_inner'><div  class='flex_column av-lf2pir14-f3dd2f8f60523ce6a24056aa1af851c2 av_one_full  avia-builder-el-12  avia-builder-el-no-sibling  first flex_column_div  '     ><p>\n<style type=\"text\/css\" data-created_by=\"avia_inline_auto\" id=\"style-css-av-lhys3nff-fecc093060a340029ccfcc3dccab214c\">\n#top .av-special-heading.av-lhys3nff-fecc093060a340029ccfcc3dccab214c{\npadding-bottom:10px;\n}\nbody .av-special-heading.av-lhys3nff-fecc093060a340029ccfcc3dccab214c .av-special-heading-tag .heading-char{\nfont-size:25px;\n}\n.av-special-heading.av-lhys3nff-fecc093060a340029ccfcc3dccab214c .av-subheading{\nfont-size:15px;\n}\n<\/style>\n<div  class='av-special-heading av-lhys3nff-fecc093060a340029ccfcc3dccab214c av-special-heading-h2 meta-heading  avia-builder-el-13  el_before_av_textblock  avia-builder-el-first '><h2 class='av-special-heading-tag '  itemprop=\"headline\"  >El puente de Rialto<\/h2><div class=\"special-heading-border\"><div class=\"special-heading-inner-border\"><\/div><\/div><\/div><br \/>\n<section  class='av_textblock_section av-lhys3vmn-43f5300b3672b0c46e33c29184995d8c '   itemscope=\"itemscope\" itemtype=\"https:\/\/schema.org\/CreativeWork\" ><div class='avia_textblock'  itemprop=\"text\" ><p>El puente de Rialto, tambi\u00e9n conocido como Ponte di Rialto, es uno de los monumentos m\u00e1s emblem\u00e1ticos de la ciudad de Venecia (Italia). Atravesando el Gran Canal, es el puente m\u00e1s antiguo y famoso de Venecia, y su elegante dise\u00f1o lo ha convertido en un s\u00edmbolo arquitect\u00f3nico de la ciudad.<\/p>\n<p>La construcci\u00f3n del Puente de Rialto se remonta a finales del siglo XVI. Antes de su finalizaci\u00f3n en 1591, la \u00fanica forma de cruzar el Gran Canal era en barco. La necesidad de un puente permanente se hizo cada vez m\u00e1s patente a medida que Venecia crec\u00eda en importancia como centro comercial y cultural.<\/p>\n<p>Dise\u00f1ado por Antonio da Ponte, el Puente de Rialto es un magn\u00edfico ejemplo de arquitectura renacentista. Consta de un \u00fanico arco de m\u00e1rmol, que se eleva por encima del canal y est\u00e1 flanqueado por dos hileras de tiendas. Estas tiendas han albergado tradicionalmente a vendedores de diversos art\u00edculos, como joyas, recuerdos y cristaler\u00eda veneciana.<\/p>\n<p>El Puente de Rialto no s\u00f3lo sirve como pr\u00e1ctico punto de paso, sino que tambi\u00e9n ofrece impresionantes vistas del Gran Canal y de la bulliciosa actividad de Venecia. Su elegante arco y sus intrincados detalles han inspirado a artistas y arquitectos durante siglos.<\/p>\n<\/div><\/section><\/p><\/div>\n<\/div><\/div>\n<\/div><\/p>\n<div id='av-layout-grid-2'  class='av-layout-grid-container av-13pfnk-2603b7b08bf9c658e845136a5e76b725 entry-content-wrapper main_color av-flex-cells  avia-builder-el-15  el_after_av_layout_row  el_before_av_layout_row  grid-row-not-first  container_wrap sidebar_right'  >\n<div class='flex_cell av-wzd5c-96fba1fb9128842796a5c465e19e650e av-gridrow-cell av_one_half no_margin  avia-builder-el-16  el_before_av_cell_one_half  avia-builder-el-first '  ><div class='flex_cell_inner'><div  class='flex_column av-8pwpc-07c3b59a58e5666ae63dbf2da894c278 av_one_full  avia-builder-el-17  avia-builder-el-no-sibling  first flex_column_div  '     ><style type=\"text\/css\" data-created_by=\"avia_inline_auto\" id=\"style-css-av-lf2phiqq-56c1e776626d0f3f544b11f478447202\">\n.avia-image-container.av-lf2phiqq-56c1e776626d0f3f544b11f478447202 img.avia_image{\nbox-shadow:none;\n}\n.avia-image-container.av-lf2phiqq-56c1e776626d0f3f544b11f478447202 .av-image-caption-overlay-center{\ncolor:#ffffff;\n}\n<\/style>\n<div  class='avia-image-container av-lf2phiqq-56c1e776626d0f3f544b11f478447202 av-styling- avia-align-center  avia-builder-el-18  avia-builder-el-no-sibling '   itemprop=\"image\" itemscope=\"itemscope\" itemtype=\"https:\/\/schema.org\/ImageObject\" ><div class=\"avia-image-container-inner\"><div class=\"avia-image-overlay-wrap\"><img decoding=\"async\" fetchpriority=\"high\" class='wp-image-1175 avia-img-lazy-loading-not-1175 avia_image ' src=\"https:\/\/www.rialto1082.com\/wp-content\/uploads\/2023\/03\/San_Giacomo_di_Rialto_Facade-1030x686.jpg\" alt='' title='San_Giacomo_di_Rialto_(Facade)'  height=\"686\" width=\"1030\"  itemprop=\"thumbnailUrl\" srcset=\"https:\/\/www.rialto1082.com\/wp-content\/uploads\/2023\/03\/San_Giacomo_di_Rialto_Facade-1030x686.jpg 1030w, https:\/\/www.rialto1082.com\/wp-content\/uploads\/2023\/03\/San_Giacomo_di_Rialto_Facade-300x200.jpg 300w, https:\/\/www.rialto1082.com\/wp-content\/uploads\/2023\/03\/San_Giacomo_di_Rialto_Facade-768x511.jpg 768w, https:\/\/www.rialto1082.com\/wp-content\/uploads\/2023\/03\/San_Giacomo_di_Rialto_Facade-1536x1022.jpg 1536w, https:\/\/www.rialto1082.com\/wp-content\/uploads\/2023\/03\/San_Giacomo_di_Rialto_Facade-1500x998.jpg 1500w, https:\/\/www.rialto1082.com\/wp-content\/uploads\/2023\/03\/San_Giacomo_di_Rialto_Facade-705x469.jpg 705w, https:\/\/www.rialto1082.com\/wp-content\/uploads\/2023\/03\/San_Giacomo_di_Rialto_Facade.jpg 1920w\" sizes=\"(max-width: 1030px) 100vw, 1030px\" \/><\/div><\/div><\/div><\/div>\n<\/div><\/div><div class='flex_cell av-s0v80-a671d0ed99615fc4363ccfef03aac53d av-gridrow-cell av_one_half no_margin  avia-builder-el-19  el_after_av_cell_one_half  avia-builder-el-last '  ><div class='flex_cell_inner'><div  class='flex_column av-lrjc8-3db2439414510513eba8cf9fa5c38081 av_one_full  avia-builder-el-20  avia-builder-el-no-sibling  first flex_column_div  '     ><p>\n<style type=\"text\/css\" data-created_by=\"avia_inline_auto\" id=\"style-css-av-dni80-7325b478c8eccdaff4dd2d468c9d6025\">\n#top .av-special-heading.av-dni80-7325b478c8eccdaff4dd2d468c9d6025{\npadding-bottom:10px;\n}\nbody .av-special-heading.av-dni80-7325b478c8eccdaff4dd2d468c9d6025 .av-special-heading-tag .heading-char{\nfont-size:25px;\n}\n.av-special-heading.av-dni80-7325b478c8eccdaff4dd2d468c9d6025 .av-subheading{\nfont-size:15px;\n}\n<\/style>\n<div  class='av-special-heading av-dni80-7325b478c8eccdaff4dd2d468c9d6025 av-special-heading-h2 meta-heading  avia-builder-el-21  el_before_av_textblock  avia-builder-el-first '><h2 class='av-special-heading-tag '  itemprop=\"headline\"  >Iglesia de San Giacomo Rialto<\/h2><div class=\"special-heading-border\"><div class=\"special-heading-inner-border\"><\/div><\/div><\/div><br \/>\n<section  class='av_textblock_section av-8mjk8-cab9a2b75d10d135f8790f054ded4563 '   itemscope=\"itemscope\" itemtype=\"https:\/\/schema.org\/CreativeWork\" ><div class='avia_textblock'  itemprop=\"text\" ><p>A s\u00f3lo unos metros del Puente de Rialto, en el barrio de San Polo (<em>sestiere<\/em>), se encuentra una iglesia considerada la m\u00e1s antigua de Venecia, la <strong>Iglesia de San Giacomo di Rialto<\/strong>, conocida popularmente como S<em>an Giacom\u00e9to<\/em>.<\/p>\n<p>Seg\u00fan la tradici\u00f3n, la iglesia fue consagrada el 25 de marzo de 421, pero los estudios han demostrado que se construy\u00f3 mucho m\u00e1s tarde. En un documento de 1097 se menciona el lugar, pero sin la iglesia, y la primera informaci\u00f3n fiable data de 1152. El reloj, a\u00f1adido a la iglesia en 1410, se restaur\u00f3 en 1749, y toda la fachada se restaur\u00f3 en 1958. El campanario actual tambi\u00e9n se construy\u00f3 en 1749. Bajo las campanas, hay un <em>relieve g\u00f3tico<\/em> de la <em>Virgen con el Ni\u00f1o<\/em> de principios del siglo XVI.<\/p>\n<\/div><\/section><\/p><\/div>\n<\/div><\/div>\n<\/div>\n<div id='av-layout-grid-3'  class='av-layout-grid-container av-lbszc-8581f0bc425b6bcf42ec2921fb81c31b entry-content-wrapper main_color av-flex-cells  avia-builder-el-23  el_after_av_layout_row  avia-builder-el-last  grid-row-not-first  container_wrap sidebar_right'  >\n<div class='flex_cell av-g49fs-2f6495abea6e1cf6ac6da3db943f5f32 av-gridrow-cell av_one_half no_margin  avia-builder-el-24  el_before_av_cell_one_half  avia-builder-el-first '  ><div class='flex_cell_inner'><div  class='flex_column av-nrnkh-3faeaabebdcd93b8d535a289e4cf9481 av_one_full  avia-builder-el-25  avia-builder-el-no-sibling  first flex_column_div  '     ><style type=\"text\/css\" data-created_by=\"avia_inline_auto\" id=\"style-css-av-lhysvo9h-8f30d3bc98d32b3f49b031130d6f3232\">\n.avia-image-diff-container.av-lhysvo9h-8f30d3bc98d32b3f49b031130d6f3232 .av-image-diff-handle{\nbox-shadow:0 0 12px rgba(51, 51, 51, 0.5);\n}\n.avia-image-diff-container.av-lhysvo9h-8f30d3bc98d32b3f49b031130d6f3232 .av-image-diff-handle:before{\nbox-shadow:0 3px 0 #fff, 0px 0px 12px rgba(51, 51, 51, 0.5);\n}\n.avia-image-diff-container.av-lhysvo9h-8f30d3bc98d32b3f49b031130d6f3232 .av-image-diff-handle:after{\nbox-shadow:0 3px 0 #fff, 0px 0px 12px rgba(51, 51, 51, 0.5);\n}\n<\/style>\n<div  class='avia-image-diff-container av-lhysvo9h-8f30d3bc98d32b3f49b031130d6f3232 av-handle-vertical av-handle-circle av-handle-border btn-style-rounded av-line-default avia-align-center  avia-builder-el-26  avia-builder-el-no-sibling ' data-image_diff=\"{&quot;drag_start&quot;:&quot;&quot;}\"  itemprop=\"image\" itemscope=\"itemscope\" itemtype=\"https:\/\/schema.org\/ImageObject\" ><div class=\"av-image-diff-wrapper\"><img decoding=\"async\" fetchpriority=\"high\" class='wp-image-1227 avia-img-lazy-loading-not-1227 avia_image av-img-before ' src=\"https:\/\/www.rialto1082.com\/wp-content\/uploads\/2023\/05\/Venice-Fish-market-1030x686.jpg\" alt='' title='Venice-Fish-market'  height=\"686\" width=\"1030\"  itemprop=\"thumbnailUrl\" srcset=\"https:\/\/www.rialto1082.com\/wp-content\/uploads\/2023\/05\/Venice-Fish-market-1030x686.jpg 1030w, https:\/\/www.rialto1082.com\/wp-content\/uploads\/2023\/05\/Venice-Fish-market-300x200.jpg 300w, https:\/\/www.rialto1082.com\/wp-content\/uploads\/2023\/05\/Venice-Fish-market-768x512.jpg 768w, https:\/\/www.rialto1082.com\/wp-content\/uploads\/2023\/05\/Venice-Fish-market-705x470.jpg 705w, https:\/\/www.rialto1082.com\/wp-content\/uploads\/2023\/05\/Venice-Fish-market.jpg 1280w\" sizes=\"(max-width: 1030px) 100vw, 1030px\" \/><img decoding=\"async\" fetchpriority=\"high\" class='wp-image-1223 avia-img-lazy-loading-not-1223 avia_image av-img-after' src=\"https:\/\/www.rialto1082.com\/wp-content\/uploads\/2023\/05\/Venice-Fish-market-2-1030x684.jpeg\" alt='' title='Venice-Fish-market-2'  height=\"686\" width=\"1030\"  itemprop=\"thumbnailUrl\"  \/><div class=\"av-image-diff-overlay\"><span class=\"av-img-diff-label label-before\">Before<\/span><span class=\"av-img-diff-label label-after\">After<\/span><\/div><div class=\"av-image-diff-handle\"><span class=\"av-handle-arrow av-handle-left-arrow\"><\/span><span class=\"av-handle-arrow av-handle-right-arrow\"><\/span><\/div><\/div><\/div><\/div>\n<\/div><\/div><div class='flex_cell av-7hjhc-7bdc0802790d991f348db638a9e3a332 av-gridrow-cell av_one_half no_margin  avia-builder-el-27  el_after_av_cell_one_half  avia-builder-el-last '  ><div class='flex_cell_inner'><div  class='flex_column av-h65mw-bced31028be913a306a83fec7b251faf av_one_full  avia-builder-el-28  avia-builder-el-no-sibling  first flex_column_div  '     ><p>\n<style type=\"text\/css\" data-created_by=\"avia_inline_auto\" id=\"style-css-av-lhysw2qs-32c908c931ece4098dab63ccdd7bc4cb\">\n#top .av-special-heading.av-lhysw2qs-32c908c931ece4098dab63ccdd7bc4cb{\npadding-bottom:10px;\n}\nbody .av-special-heading.av-lhysw2qs-32c908c931ece4098dab63ccdd7bc4cb .av-special-heading-tag .heading-char{\nfont-size:25px;\n}\n.av-special-heading.av-lhysw2qs-32c908c931ece4098dab63ccdd7bc4cb .av-subheading{\nfont-size:15px;\n}\n<\/style>\n<div  class='av-special-heading av-lhysw2qs-32c908c931ece4098dab63ccdd7bc4cb av-special-heading-h2 meta-heading  avia-builder-el-29  el_before_av_textblock  avia-builder-el-first '><h2 class='av-special-heading-tag '  itemprop=\"headline\"  >Mercado de pescado<\/h2><div class=\"special-heading-border\"><div class=\"special-heading-inner-border\"><\/div><\/div><\/div><br \/>\n<section  class='av_textblock_section av-8q56w-661548d533f73ee2550db4c7a93d190a '   itemscope=\"itemscope\" itemtype=\"https:\/\/schema.org\/CreativeWork\" ><div class='avia_textblock'  itemprop=\"text\" ><p>El Mercado del Pescado de Rialto, situado cerca del Puente de Rialto en Venecia (Italia), es un mercado vibrante e hist\u00f3rico que ha sido una pieza central de la escena culinaria de la ciudad durante siglos. Conocido como &#8220;Mercato di Rialto&#8221; en italiano, es uno de los mercados m\u00e1s antiguos de Venecia y ofrece una fascinante visi\u00f3n del patrimonio mar\u00edtimo de la ciudad.<\/p>\n<p>El mercado es un bullicioso centro de actividad, sobre todo a primera hora de la ma\u00f1ana, cuando los pescadores locales llegan con sus capturas frescas del mar Adri\u00e1tico. Es un espect\u00e1culo animado, ya que los pescaderos exhiben h\u00e1bilmente sus mercanc\u00edas en mostradores llenos de hielo, mostrando una amplia variedad de mariscos, como pescado, marisco, calamares, pulpo y mucho m\u00e1s.<\/p>\n<p>Explorar el Mercado del Pescado de Rialto brinda la oportunidad de conocer la cultura local, interactuar con vendedores apasionados y descubrir el marisco m\u00e1s fresco que Venecia puede ofrecer. Es un destino de visita obligada para los entusiastas de la gastronom\u00eda, los aventureros culinarios y cualquiera que desee abrazar el vibrante esp\u00edritu del patrimonio culinario de Venecia.<\/p>\n<\/div><\/section><\/p><\/div>\n<\/div><\/div>\n<\/div>\n","protected":false},"excerpt":{"rendered":"","protected":false},"author":3,"featured_media":0,"parent":1332,"menu_order":0,"comment_status":"closed","ping_status":"closed","template":"","meta":{"footnotes":""},"class_list":["post-1356","page","type-page","status-publish","hentry"],"_links":{"self":[{"href":"https:\/\/www.rialto1082.com\/es\/wp-json\/wp\/v2\/pages\/1356","targetHints":{"allow":["GET"]}}],"collection":[{"href":"https:\/\/www.rialto1082.com\/es\/wp-json\/wp\/v2\/pages"}],"about":[{"href":"https:\/\/www.rialto1082.com\/es\/wp-json\/wp\/v2\/types\/page"}],"author":[{"embeddable":true,"href":"https:\/\/www.rialto1082.com\/es\/wp-json\/wp\/v2\/users\/3"}],"replies":[{"embeddable":true,"href":"https:\/\/www.rialto1082.com\/es\/wp-json\/wp\/v2\/comments?post=1356"}],"version-history":[{"count":0,"href":"https:\/\/www.rialto1082.com\/es\/wp-json\/wp\/v2\/pages\/1356\/revisions"}],"up":[{"embeddable":true,"href":"https:\/\/www.rialto1082.com\/es\/wp-json\/wp\/v2\/pages\/1332"}],"wp:attachment":[{"href":"https:\/\/www.rialto1082.com\/es\/wp-json\/wp\/v2\/media?parent=1356"}],"curies":[{"name":"wp","href":"https:\/\/api.w.org\/{rel}","templated":true}]}}